{"id":5,"date":"2021-10-29T08:15:42","date_gmt":"2021-10-29T08:15:42","guid":{"rendered":"https:\/\/demo.athemes.com\/sydney-main\/?page_id=5"},"modified":"2022-10-06T14:19:23","modified_gmt":"2022-10-06T12:19:23","slug":"my-front-page","status":"publish","type":"page","link":"https:\/\/wewrite.sonycsl.it\/","title":{"rendered":"My front page"},"content":{"rendered":"\t\t<div data-elementor-type=\"wp-page\" data-elementor-id=\"5\" class=\"elementor elementor-5\">\n\t\t\t\t\t\t\t\t\t<section class=\"elementor-section elementor-top-section elementor-element elementor-element-8d95cd6 elementor-section-content-middle elementor-section-boxed elementor-section-height-default elementor-section-height-default\" data-id=\"8d95cd6\" data-element_type=\"section\" id=\"about\" data-settings=\"{&quot;background_background&quot;:&quot;classic&quot;}\">\n\t\t\t\t\t\t<div class=\"elementor-container elementor-column-gap-default\">\n\t\t\t\t\t<div class=\"elementor-column elementor-col-50 elementor-top-column elementor-element elementor-element-e97b8fc elementor-invisible\" data-id=\"e97b8fc\" data-element_type=\"column\" data-settings=\"{&quot;animation&quot;:&quot;slideInLeft&quot;}\">\n\t\t\t<div class=\"elementor-widget-wrap elementor-element-populated\">\n\t\t\t\t\t\t\t\t<div class=\"elementor-element elementor-element-51fbeef stretch-left elementor-widget elementor-widget-image\" data-id=\"51fbeef\" data-element_type=\"widget\" data-widget_type=\"image.default\">\n\t\t\t\t<div class=\"elementor-widget-container\">\n\t\t\t<style>\/*! elementor - v3.6.4 - 13-04-2022 *\/\n.elementor-widget-image{text-align:center}.elementor-widget-image a{display:inline-block}.elementor-widget-image a img[src$=\".svg\"]{width:48px}.elementor-widget-image img{vertical-align:middle;display:inline-block}<\/style>\t\t\t\t\t\t\t\t\t\t\t\t<img decoding=\"async\" width=\"1024\" height=\"712\" src=\"https:\/\/i0.wp.com\/wewrite.sonycsl.it\/wp-content\/uploads\/2022\/09\/ww.png?fit=1024%2C712&amp;ssl=1\" class=\"attachment-large size-large\" alt=\"\" loading=\"lazy\" srcset=\"https:\/\/i0.wp.com\/wewrite.sonycsl.it\/wp-content\/uploads\/2022\/09\/ww.png?w=1600&amp;ssl=1 1600w, https:\/\/i0.wp.com\/wewrite.sonycsl.it\/wp-content\/uploads\/2022\/09\/ww.png?resize=300%2C209&amp;ssl=1 300w, https:\/\/i0.wp.com\/wewrite.sonycsl.it\/wp-content\/uploads\/2022\/09\/ww.png?resize=1024%2C712&amp;ssl=1 1024w, https:\/\/i0.wp.com\/wewrite.sonycsl.it\/wp-content\/uploads\/2022\/09\/ww.png?resize=768%2C534&amp;ssl=1 768w, https:\/\/i0.wp.com\/wewrite.sonycsl.it\/wp-content\/uploads\/2022\/09\/ww.png?resize=1536%2C1068&amp;ssl=1 1536w, https:\/\/i0.wp.com\/wewrite.sonycsl.it\/wp-content\/uploads\/2022\/09\/ww.png?resize=920%2C640&amp;ssl=1 920w, https:\/\/i0.wp.com\/wewrite.sonycsl.it\/wp-content\/uploads\/2022\/09\/ww.png?resize=230%2C160&amp;ssl=1 230w, https:\/\/i0.wp.com\/wewrite.sonycsl.it\/wp-content\/uploads\/2022\/09\/ww.png?resize=350%2C243&amp;ssl=1 350w, https:\/\/i0.wp.com\/wewrite.sonycsl.it\/wp-content\/uploads\/2022\/09\/ww.png?resize=480%2C334&amp;ssl=1 480w\" sizes=\"(max-width: 1024px) 100vw, 1024px\" \/>\t\t\t\t\t\t\t\t\t\t\t\t\t\t\t<\/div>\n\t\t\t\t<\/div>\n\t\t\t\t\t<\/div>\n\t\t<\/div>\n\t\t\t\t<div class=\"elementor-column elementor-col-50 elementor-top-column elementor-element elementor-element-16f4b9d elementor-invisible\" data-id=\"16f4b9d\" data-element_type=\"column\" data-settings=\"{&quot;animation&quot;:&quot;slideInRight&quot;}\">\n\t\t\t<div class=\"elementor-widget-wrap elementor-element-populated\">\n\t\t\t\t\t\t\t\t<div class=\"elementor-element elementor-element-956bba1 elementor-widget elementor-widget-heading\" data-id=\"956bba1\" data-element_type=\"widget\" data-settings=\"{&quot;_animation&quot;:&quot;none&quot;}\" data-widget_type=\"heading.default\">\n\t\t\t\t<div class=\"elementor-widget-container\">\n\t\t\t<style>\/*! elementor - v3.6.4 - 13-04-2022 *\/\n.elementor-heading-title{padding:0;margin:0;line-height:1}.elementor-widget-heading .elementor-heading-title[class*=elementor-size-]>a{color:inherit;font-size:inherit;line-height:inherit}.elementor-widget-heading .elementor-heading-title.elementor-size-small{font-size:15px}.elementor-widget-heading .elementor-heading-title.elementor-size-medium{font-size:19px}.elementor-widget-heading .elementor-heading-title.elementor-size-large{font-size:29px}.elementor-widget-heading .elementor-heading-title.elementor-size-xl{font-size:39px}.elementor-widget-heading .elementor-heading-title.elementor-size-xxl{font-size:59px}<\/style><h6 class=\"elementor-heading-title elementor-size-default\">La piattaforma wewrite<\/h6>\t\t<\/div>\n\t\t\t\t<\/div>\n\t\t\t\t<div class=\"elementor-element elementor-element-31b9076 elementor-widget elementor-widget-heading\" data-id=\"31b9076\" data-element_type=\"widget\" id=\"title_about\" data-widget_type=\"heading.default\">\n\t\t\t\t<div class=\"elementor-widget-container\">\n\t\t\t<h3 class=\"elementor-heading-title elementor-size-default\">Uno strumento flessibile e affidabile per la creativit\u00e0 aumentata<\/h3>\t\t<\/div>\n\t\t\t\t<\/div>\n\t\t\t\t<div class=\"elementor-element elementor-element-df4c0ef elementor-widget elementor-widget-text-editor\" data-id=\"df4c0ef\" data-element_type=\"widget\" data-widget_type=\"text-editor.default\">\n\t\t\t\t<div class=\"elementor-widget-container\">\n\t\t\t<style>\/*! elementor - v3.6.4 - 13-04-2022 *\/\n.elementor-widget-text-editor.elementor-drop-cap-view-stacked .elementor-drop-cap{background-color:#818a91;color:#fff}.elementor-widget-text-editor.elementor-drop-cap-view-framed .elementor-drop-cap{color:#818a91;border:3px solid;background-color:transparent}.elementor-widget-text-editor:not(.elementor-drop-cap-view-default) .elementor-drop-cap{margin-top:8px}.elementor-widget-text-editor:not(.elementor-drop-cap-view-default) .elementor-drop-cap-letter{width:1em;height:1em}.elementor-widget-text-editor .elementor-drop-cap{float:left;text-align:center;line-height:1;font-size:50px}.elementor-widget-text-editor .elementor-drop-cap-letter{display:inline-block}<\/style>\t\t\t\t<p style=\"text-align: justify;\">We Write \u00e8 uno strumento flessibile e affidabile di creativit\u00e0 aumentata pensato per migliorare e studiare il processo creativo. Le nuove tecnologie informatiche sono sufficientemente mature per poter essere utilizzate per potenziare il processo creativo, in particolare per i testi. L&#8217;idea \u00e8 quella di creare una piattaforma flessibile per la modifica del testo in grado di superare i limiti del classico editor di testo, consentendo agli utenti di sviluppare testi non lineari o fornendo agli utenti funzionalit\u00e0 per facilitarne la modifica (scambio di blocchi, confronto di versioni, ecc.).<\/p><p style=\"text-align: justify;\"><span style=\"font-family: -apple-system, BlinkMacSystemFont, 'Segoe UI', Roboto, Oxygen-Sans, Ubuntu, Cantarell, 'Helvetica Neue', sans-serif;\">Tutte queste caratteristiche, oltre all&#8217;importanza di per s\u00e9, forniranno una quantit\u00e0 enorme di dati sugli utenti che alimenteranno le nostre linee di ricerca sullo studio della creativit\u00e0 umana e sull&#8217;impatto delle nuove possibilit\u00e0 aperte dalle nuove tecnologie dell&#8217;informazione e dell&#8217;intelligenza artificiale. I risultati di questa ricerca verranno quindi utilizzati per sviluppare nuovi strumenti e algoritmi per aumentare ulteriormente l&#8217;efficacia.<\/span><\/p>\t\t\t\t\t\t<\/div>\n\t\t\t\t<\/div>\n\t\t\t\t<div class=\"elementor-element elementor-element-c6a69c7 elementor-align-center elementor-widget elementor-widget-button\" data-id=\"c6a69c7\" data-element_type=\"widget\" data-widget_type=\"button.default\">\n\t\t\t\t<div class=\"elementor-widget-container\">\n\t\t\t\t\t<div class=\"elementor-button-wrapper\">\n\t\t\t<a href=\"https:\/\/docs.google.com\/forms\/d\/10wSMJgydw1nAvWdjx5tayie74AAgSZkReCrhV66ZPz8\/edit\" target=\"_blank\" class=\"elementor-button-link elementor-button elementor-size-sm\" role=\"button\">\n\t\t\t\t\t\t<span class=\"elementor-button-content-wrapper\">\n\t\t\t\t\t\t<span class=\"elementor-button-text\">RICHIEDI L'ISCRIZIONE ALLA PIATTAFORMA<\/span>\n\t\t<\/span>\n\t\t\t\t\t<\/a>\n\t\t<\/div>\n\t\t\t\t<\/div>\n\t\t\t\t<\/div>\n\t\t\t\t\t<\/div>\n\t\t<\/div>\n\t\t\t\t\t\t\t<\/div>\n\t\t<\/section>\n\t\t\t\t<section class=\"elementor-section elementor-top-section elementor-element elementor-element-362eadd elementor-section-boxed elementor-section-height-default elementor-section-height-default\" data-id=\"362eadd\" data-element_type=\"section\" id=\"people\" data-settings=\"{&quot;background_background&quot;:&quot;classic&quot;}\">\n\t\t\t\t\t\t<div class=\"elementor-container elementor-column-gap-default\">\n\t\t\t\t\t<div class=\"elementor-column elementor-col-100 elementor-top-column elementor-element elementor-element-0e48dd2\" data-id=\"0e48dd2\" data-element_type=\"column\">\n\t\t\t<div class=\"elementor-widget-wrap elementor-element-populated\">\n\t\t\t\t\t\t\t\t<div class=\"elementor-element elementor-element-ecad155 elementor-widget elementor-widget-heading\" data-id=\"ecad155\" data-element_type=\"widget\" data-widget_type=\"heading.default\">\n\t\t\t\t<div class=\"elementor-widget-container\">\n\t\t\t<h2 class=\"elementor-heading-title elementor-size-default\">Il nostro team<\/h2>\t\t<\/div>\n\t\t\t\t<\/div>\n\t\t\t\t<div class=\"elementor-element elementor-element-38c7121 elementor-widget elementor-widget-heading\" data-id=\"38c7121\" data-element_type=\"widget\" data-widget_type=\"heading.default\">\n\t\t\t\t<div class=\"elementor-widget-container\">\n\t\t\t<h3 class=\"elementor-heading-title elementor-size-default\">Direttore<\/h3>\t\t<\/div>\n\t\t\t\t<\/div>\n\t\t\t\t<div class=\"elementor-element elementor-element-9a77b74 elementor-widget elementor-widget-advanced-carousel\" data-id=\"9a77b74\" data-element_type=\"widget\" data-widget_type=\"advanced-carousel.default\">\n\t\t\t\t<div class=\"elementor-widget-container\">\n\t\t\t\r\n\t\t<!--====== HTML CODING START ========-->\r\n\r\n\t\t<section class=\"tm-slider slider  default-tdt\" id=\"tdt-slider-32\" data-mobiles=\"1\" data-tabs=\"1\" data-slick='{\"arrows\": true, \"autoplaySpeed\": 2500, \"dots\": true, \"autoplay\": true, \"infinite\": true, \"adaptiveHeight\": true, \"pauseOnHover\": true, \"slidesToShow\": 1, \"slidesToScroll\": 1, \"fade\": false, \"touchThreshold\": 5}'>\r\n\t\t\t\t\t\t\t  <div>\r\n\t\t\t\t  \t\t\t\t\t\t\t\t\t\t\t\t<a>\r\n\t\t\t\t\t\t\t\t\t\t\t\t\t\t\t\t<span class=\"ultimate-slide-img\" style=\"max-width: 100%; border-radius: ; margin-bottom: 15px;\">\r\n\t\t\t\t\t  \t\t<img decoding=\"async\" src=\"https:\/\/i0.wp.com\/wewrite.sonycsl.it\/wp-content\/uploads\/2022\/04\/loreto_350.png?fit=200%2C200&amp;ssl=1\" title=\"loreto_350\" alt=\"loreto_350\" \/>\t\t\t\t\t\t<\/span>\r\n\t\t\t\t\t\t\r\n\t\t\t\t\t\t<\/a>\r\n\t\t\t\t  \t<span class=\"content-section\">\r\n\t\t\t\t\t  \t<p style=\"text-align: center;\"><strong>Vittorio Loreto<\/strong><\/p><p style=\"text-align: center;\">SONY CSL PARIS<\/p><p style=\"text-align: center;\"><a href=\"https:\/\/csl.sony.fr\/team\/prof-vittorio-loreto\/\" target=\"_blank\" rel=\"noopener\">Visita il sito web<\/a><\/p><br>\r\n\r\n\t\t\t\t\t  \t\t\t\t\t\t  \t<p>&nbsp;<\/p>\r\n\t\t\t\t  \t<\/span>\r\n\t\t\t\t  <\/div>\r\n\t\t\t\t\t<\/section>\r\n\r\n\t\t<style>\r\n\t\t\t#tdt-slider-32 .slick-prev {\r\n\t\t\t\tleft: 40px !important;\r\n\t\t\t}\r\n\t\t\t#tdt-slider-32 .slick-next {\r\n\t\t\t\tright: 40px !important;\r\n\t\t\t}\r\n\t\t\t#tdt-slider-32.content-over-slider .slick-slide .content-section {\r\n\t\t\t\ttop: %;\r\n\t\t\t}\r\n\t\t\t@media only screen and (max-width: 480px) {\r\n\t\t\t\t#tdt-slider-32.content-over-slider .slick-slide .content-section {\r\n\t\t\t\t\ttop: 35px !important;\r\n\t\t\t\t}\r\n\t\t\t\t#tdt-slider-32.content-over-slider .ultimate-slide-img img{\r\n\t\t\t\t\theight: px !important;\r\n\t\t\t\t\tobject-fit: cover;\r\n\t\t\t\t}\r\n\t\t\t\t#tdt-slider-32 .slick-prev, #tdt-slider-32 .slick-next {\r\n\t\t\t\t\tdisplay: block !important;\r\n\t\t\t\t}\r\n\t\t\t}\r\n\t\t<\/style>\r\n\r\n\t\t\t\t<\/div>\n\t\t\t\t<\/div>\n\t\t\t\t<div class=\"elementor-element elementor-element-de3f0c8 elementor-widget elementor-widget-heading\" data-id=\"de3f0c8\" data-element_type=\"widget\" data-widget_type=\"heading.default\">\n\t\t\t\t<div class=\"elementor-widget-container\">\n\t\t\t<h3 class=\"elementor-heading-title elementor-size-default\">Ricercatori<\/h3>\t\t<\/div>\n\t\t\t\t<\/div>\n\t\t\t\t<div class=\"elementor-element elementor-element-380d868 elementor-widget elementor-widget-advanced-carousel\" data-id=\"380d868\" data-element_type=\"widget\" data-widget_type=\"advanced-carousel.default\">\n\t\t\t\t<div class=\"elementor-widget-container\">\n\t\t\t\r\n\t\t<!--====== HTML CODING START ========-->\r\n\r\n\t\t<section class=\"tm-slider slider  default-tdt\" id=\"tdt-slider-13\" data-mobiles=\"1\" data-tabs=\"2\" data-slick='{\"arrows\": true, \"autoplaySpeed\": 2500, \"dots\": true, \"autoplay\": true, \"infinite\": true, \"adaptiveHeight\": true, \"pauseOnHover\": true, \"slidesToShow\": 2, \"slidesToScroll\": 1, \"fade\": false, \"touchThreshold\": 5}'>\r\n\t\t\t\t\t\t\t  <div>\r\n\t\t\t\t  \t\t\t\t\t\t\t\t\t\t\t\t<a>\r\n\t\t\t\t\t\t\t\t\t\t\t\t\t\t\t\t<span class=\"ultimate-slide-img\" style=\"max-width: 100%; border-radius: ; margin-bottom: 15px;\">\r\n\t\t\t\t\t  \t\t<img decoding=\"async\" src=\"https:\/\/i0.wp.com\/wewrite.sonycsl.it\/wp-content\/uploads\/2022\/04\/Pietro-Gravino-2.png?fit=200%2C200&amp;ssl=1\" title=\"Pietro Gravino 2\" alt=\"Pietro Gravino 2\" \/>\t\t\t\t\t\t<\/span>\r\n\t\t\t\t\t\t\r\n\t\t\t\t\t\t<\/a>\r\n\t\t\t\t  \t<span class=\"content-section\">\r\n\t\t\t\t\t  \t<p style=\"text-align: center;\"><strong>Pietro Gravino<\/strong><\/p><p style=\"text-align: center;\">SONY CSL PARIS<\/p><p style=\"text-align: center;\"><em><span style=\"font-weight: 400;\">keywords: news ecosystem, polarisation, disinformation, opinion dynamics, recommender systems, complex systems, statistical physics<\/span><\/em><\/p><p style=\"text-align: center;\"><a href=\"https:\/\/csl.sony.fr\/team\/dr-pietro-gravino\/\" target=\"_blank\" rel=\"noopener\">Visita il sito web<\/a><\/p><br>\r\n\r\n\t\t\t\t\t  \t\t\t\t\t\t  \t<p>&nbsp;<\/p>\r\n\t\t\t\t  \t<\/span>\r\n\t\t\t\t  <\/div>\r\n\t\t\t\t\t\t\t  <div>\r\n\t\t\t\t  \t\t\t\t\t\t\t\t\t\t\t\t<a>\r\n\t\t\t\t\t\t\t\t\t\t\t\t\t\t\t\t<span class=\"ultimate-slide-img\" style=\"max-width: 100%; border-radius: ; margin-bottom: 15px;\">\r\n\t\t\t\t\t  \t\t<img decoding=\"async\" src=\"https:\/\/i0.wp.com\/wewrite.sonycsl.it\/wp-content\/uploads\/2022\/04\/Ruggiero-Los-1.png?fit=200%2C200&amp;ssl=1\" title=\"Ruggiero Los 1\" alt=\"Ruggiero Los 1\" \/>\t\t\t\t\t\t<\/span>\r\n\t\t\t\t\t\t\r\n\t\t\t\t\t\t<\/a>\r\n\t\t\t\t  \t<span class=\"content-section\">\r\n\t\t\t\t\t  \t<p style=\"text-align: center;\"><strong>Ruggiero Lo Sardo<\/strong><\/p><p style=\"text-align: center;\">SAPIENZA UNIVERSIT\u00c0 DI ROMA<\/p><p style=\"text-align: center;\"><em><span style=\"font-weight: 400;\">keywords: Creativity, Polarization, Disagreement, Complexity, Social Dynamics<\/span><\/em><\/p><br>\r\n\r\n\t\t\t\t\t  \t\t\t\t\t\t  \t<p>&nbsp;<\/p>\r\n\t\t\t\t  \t<\/span>\r\n\t\t\t\t  <\/div>\r\n\t\t\t\t\t<\/section>\r\n\r\n\t\t<style>\r\n\t\t\t#tdt-slider-13 .slick-prev {\r\n\t\t\t\tleft: 40px !important;\r\n\t\t\t}\r\n\t\t\t#tdt-slider-13 .slick-next {\r\n\t\t\t\tright: 40px !important;\r\n\t\t\t}\r\n\t\t\t#tdt-slider-13.content-over-slider .slick-slide .content-section {\r\n\t\t\t\ttop: %;\r\n\t\t\t}\r\n\t\t\t@media only screen and (max-width: 480px) {\r\n\t\t\t\t#tdt-slider-13.content-over-slider .slick-slide .content-section {\r\n\t\t\t\t\ttop: 35px !important;\r\n\t\t\t\t}\r\n\t\t\t\t#tdt-slider-13.content-over-slider .ultimate-slide-img img{\r\n\t\t\t\t\theight: px !important;\r\n\t\t\t\t\tobject-fit: cover;\r\n\t\t\t\t}\r\n\t\t\t\t#tdt-slider-13 .slick-prev, #tdt-slider-13 .slick-next {\r\n\t\t\t\t\tdisplay: block !important;\r\n\t\t\t\t}\r\n\t\t\t}\r\n\t\t<\/style>\r\n\r\n\t\t\t\t<\/div>\n\t\t\t\t<\/div>\n\t\t\t\t<div class=\"elementor-element elementor-element-167a1eb elementor-widget elementor-widget-heading\" data-id=\"167a1eb\" data-element_type=\"widget\" data-widget_type=\"heading.default\">\n\t\t\t\t<div class=\"elementor-widget-container\">\n\t\t\t<h3 class=\"elementor-heading-title elementor-size-default\">Sviluppatori<\/h3>\t\t<\/div>\n\t\t\t\t<\/div>\n\t\t\t\t<div class=\"elementor-element elementor-element-79869a7 elementor-widget elementor-widget-advanced-carousel\" data-id=\"79869a7\" data-element_type=\"widget\" data-widget_type=\"advanced-carousel.default\">\n\t\t\t\t<div class=\"elementor-widget-container\">\n\t\t\t\r\n\t\t<!--====== HTML CODING START ========-->\r\n\r\n\t\t<section class=\"tm-slider slider  default-tdt\" id=\"tdt-slider-397\" data-mobiles=\"1\" data-tabs=\"2\" data-slick='{\"arrows\": true, \"autoplaySpeed\": 2500, \"dots\": true, \"autoplay\": true, \"infinite\": true, \"adaptiveHeight\": true, \"pauseOnHover\": true, \"slidesToShow\": 2, \"slidesToScroll\": 1, \"fade\": false, \"touchThreshold\": 5}'>\r\n\t\t\t\t\t\t\t  <div>\r\n\t\t\t\t  \t\t\t\t\t\t\t\t\t\t\t\t<a>\r\n\t\t\t\t\t\t\t\t\t\t\t\t\t\t\t\t<span class=\"ultimate-slide-img\" style=\"max-width: 100%; border-radius: ; margin-bottom: 15px;\">\r\n\t\t\t\t\t  \t\t<img decoding=\"async\" src=\"https:\/\/i0.wp.com\/wewrite.sonycsl.it\/wp-content\/uploads\/2022\/05\/bettafoto.png?fit=200%2C200&amp;ssl=1\" title=\"bettafoto\" alt=\"bettafoto\" \/>\t\t\t\t\t\t<\/span>\r\n\t\t\t\t\t\t\r\n\t\t\t\t\t\t<\/a>\r\n\t\t\t\t  \t<span class=\"content-section\">\r\n\t\t\t\t\t  \t<p style=\"text-align: center;\"><strong>Elisabetta Falivene<\/strong><\/p><p style=\"text-align: center;\">SONY CSL PARIS<\/p><p style=\"text-align: center;\"><em><span style=\"font-weight: 400;\">keywords: augmented creativity, development, complex systems<\/span><\/em><\/p><p style=\"text-align: center;\"><a href=\"https:\/\/csl.sony.fr\/team\/elisabetta-falivene\/\" target=\"_blank\" rel=\"noopener\">Visita il sito web<\/a><\/p><br>\r\n\r\n\t\t\t\t\t  \t\t\t\t\t\t  \t<p>&nbsp;<\/p>\r\n\t\t\t\t  \t<\/span>\r\n\t\t\t\t  <\/div>\r\n\t\t\t\t\t\t\t  <div>\r\n\t\t\t\t  \t\t\t\t\t\t\t\t\t\t\t\t<a>\r\n\t\t\t\t\t\t\t\t\t\t\t\t\t\t\t\t<span class=\"ultimate-slide-img\" style=\"max-width: 100%; border-radius: ; margin-bottom: 15px;\">\r\n\t\t\t\t\t  \t\t<img decoding=\"async\" src=\"https:\/\/i0.wp.com\/wewrite.sonycsl.it\/wp-content\/uploads\/2022\/09\/Riccardo-Corradi-200x200-1.png?fit=200%2C200&amp;ssl=1\" title=\"Riccardo Corradi (200&#215;200)\" alt=\"Riccardo Corradi (200x200)\" \/>\t\t\t\t\t\t<\/span>\r\n\t\t\t\t\t\t\r\n\t\t\t\t\t\t<\/a>\r\n\t\t\t\t  \t<span class=\"content-section\">\r\n\t\t\t\t\t  \t<p style=\"text-align: center;\"><strong>Riccardo Corradi<\/strong><\/p><p style=\"text-align: center;\">I-LAB S.R.L.<\/p><p style=\"text-align: center;\"><em><span style=\"font-weight: 400;\">keywords: augmented creativity, development<\/span><\/em><\/p><p style=\"text-align: center;\"><a href=\"http:\/\/www.ilabroma.com\/\" target=\"_blank\" rel=\"noopener\">Visita il sito web<\/a><\/p><br>\r\n\r\n\t\t\t\t\t  \t\t\t\t\t\t  \t<p>&nbsp;<\/p>\r\n\t\t\t\t  \t<\/span>\r\n\t\t\t\t  <\/div>\r\n\t\t\t\t\t<\/section>\r\n\r\n\t\t<style>\r\n\t\t\t#tdt-slider-397 .slick-prev {\r\n\t\t\t\tleft: 40px !important;\r\n\t\t\t}\r\n\t\t\t#tdt-slider-397 .slick-next {\r\n\t\t\t\tright: 40px !important;\r\n\t\t\t}\r\n\t\t\t#tdt-slider-397.content-over-slider .slick-slide .content-section {\r\n\t\t\t\ttop: %;\r\n\t\t\t}\r\n\t\t\t@media only screen and (max-width: 480px) {\r\n\t\t\t\t#tdt-slider-397.content-over-slider .slick-slide .content-section {\r\n\t\t\t\t\ttop: 35px !important;\r\n\t\t\t\t}\r\n\t\t\t\t#tdt-slider-397.content-over-slider .ultimate-slide-img img{\r\n\t\t\t\t\theight: px !important;\r\n\t\t\t\t\tobject-fit: cover;\r\n\t\t\t\t}\r\n\t\t\t\t#tdt-slider-397 .slick-prev, #tdt-slider-397 .slick-next {\r\n\t\t\t\t\tdisplay: block !important;\r\n\t\t\t\t}\r\n\t\t\t}\r\n\t\t<\/style>\r\n\r\n\t\t\t\t<\/div>\n\t\t\t\t<\/div>\n\t\t\t\t\t<\/div>\n\t\t<\/div>\n\t\t\t\t\t\t\t<\/div>\n\t\t<\/section>\n\t\t\t\t<section class=\"elementor-section elementor-top-section elementor-element elementor-element-95ba4bb elementor-section-content-middle elementor-section-boxed elementor-section-height-default elementor-section-height-default\" data-id=\"95ba4bb\" data-element_type=\"section\" id=\"contacts\" data-settings=\"{&quot;background_background&quot;:&quot;classic&quot;}\">\n\t\t\t\t\t\t<div class=\"elementor-container elementor-column-gap-default\">\n\t\t\t\t\t<div class=\"elementor-column elementor-col-50 elementor-top-column elementor-element elementor-element-1554738\" data-id=\"1554738\" data-element_type=\"column\">\n\t\t\t<div class=\"elementor-widget-wrap elementor-element-populated\">\n\t\t\t\t\t\t\t\t<div class=\"elementor-element elementor-element-35342f8 elementor-widget elementor-widget-heading\" data-id=\"35342f8\" data-element_type=\"widget\" data-widget_type=\"heading.default\">\n\t\t\t\t<div class=\"elementor-widget-container\">\n\t\t\t<h2 class=\"elementor-heading-title elementor-size-default\">Vuoi saperne di pi\u00f9? <\/h2>\t\t<\/div>\n\t\t\t\t<\/div>\n\t\t\t\t\t<\/div>\n\t\t<\/div>\n\t\t\t\t<div class=\"elementor-column elementor-col-50 elementor-top-column elementor-element elementor-element-6e45dfd\" data-id=\"6e45dfd\" data-element_type=\"column\">\n\t\t\t<div class=\"elementor-widget-wrap elementor-element-populated\">\n\t\t\t\t\t\t\t\t<div class=\"elementor-element elementor-element-0388291 elementor-align-right elementor-mobile-align-center elementor-widget elementor-widget-button\" data-id=\"0388291\" data-element_type=\"widget\" data-widget_type=\"button.default\">\n\t\t\t\t<div class=\"elementor-widget-container\">\n\t\t\t\t\t<div class=\"elementor-button-wrapper\">\n\t\t\t<a href=\"mailto:wewrite.csl@gmail.com\" target=\"_blank\" class=\"elementor-button-link elementor-button elementor-size-sm\" role=\"button\">\n\t\t\t\t\t\t<span class=\"elementor-button-content-wrapper\">\n\t\t\t\t\t\t<span class=\"elementor-button-text\">Contattaci<\/span>\n\t\t<\/span>\n\t\t\t\t\t<\/a>\n\t\t<\/div>\n\t\t\t\t<\/div>\n\t\t\t\t<\/div>\n\t\t\t\t\t<\/div>\n\t\t<\/div>\n\t\t\t\t\t\t\t<\/div>\n\t\t<\/section>\n\t\t\t\t\t\t\t<\/div>\n\t\t","protected":false},"excerpt":{"rendered":"<p>La piattaforma wewrite Uno strumento flessibile e affidabile per la creativit\u00e0 aumentata [&hellip;]<\/p>\n","protected":false},"author":1,"featured_media":0,"parent":0,"menu_order":0,"comment_status":"closed","ping_status":"closed","template":"page-templates\/page_front-page.php","meta":[],"_links":{"self":[{"href":"https:\/\/wewrite.sonycsl.it\/index.php\/wp-json\/wp\/v2\/pages\/5"}],"collection":[{"href":"https:\/\/wewrite.sonycsl.it\/index.php\/wp-json\/wp\/v2\/pages"}],"about":[{"href":"https:\/\/wewrite.sonycsl.it\/index.php\/wp-json\/wp\/v2\/types\/page"}],"author":[{"embeddable":true,"href":"https:\/\/wewrite.sonycsl.it\/index.php\/wp-json\/wp\/v2\/users\/1"}],"replies":[{"embeddable":true,"href":"https:\/\/wewrite.sonycsl.it\/index.php\/wp-json\/wp\/v2\/comments?post=5"}],"version-history":[{"count":267,"href":"https:\/\/wewrite.sonycsl.it\/index.php\/wp-json\/wp\/v2\/pages\/5\/revisions"}],"predecessor-version":[{"id":1350,"href":"https:\/\/wewrite.sonycsl.it\/index.php\/wp-json\/wp\/v2\/pages\/5\/revisions\/1350"}],"wp:attachment":[{"href":"https:\/\/wewrite.sonycsl.it\/index.php\/wp-json\/wp\/v2\/media?parent=5"}],"curies":[{"name":"wp","href":"https:\/\/api.w.org\/{rel}","templated":true}]}}